{"id":2865,"date":"2023-04-13T20:25:48","date_gmt":"2023-04-13T18:25:48","guid":{"rendered":"https:\/\/skatepark-biel.ch\/lm-shop\/"},"modified":"2026-01-05T14:59:22","modified_gmt":"2026-01-05T13:59:22","slug":"lm-shop","status":"publish","type":"page","link":"https:\/\/skatepark-biel.ch\/de\/lm-shop\/","title":{"rendered":"LM Shop"},"content":{"rendered":"\t\t<div data-elementor-type=\"wp-page\" data-elementor-id=\"2865\" class=\"elementor elementor-2865 elementor-2732\" data-elementor-post-type=\"page\">\n\t\t\t\t\t\t<section class=\"elementor-section elementor-top-section elementor-element elementor-element-2c59818 elementor-section-full_width elementor-section-height-min-height elementor-section-items-stretch elementor-section-height-default\" data-id=\"2c59818\" data-element_type=\"section\" data-e-type=\"section\" data-settings=\"{&quot;background_background&quot;:&quot;classic&quot;}\">\n\t\t\t\t\t\t<div class=\"elementor-container elementor-column-gap-default\">\n\t\t\t\t\t<div class=\"elementor-column elementor-col-100 elementor-top-column elementor-element elementor-element-f9ff685\" data-id=\"f9ff685\" data-element_type=\"column\" data-e-type=\"column\" data-settings=\"{&quot;background_background&quot;:&quot;classic&quot;}\">\n\t\t\t<div class=\"elementor-widget-wrap elementor-element-populated\">\n\t\t\t\t\t\t<div class=\"elementor-element elementor-element-e6ce322 elementor-widget elementor-widget-image\" data-id=\"e6ce322\" data-element_type=\"widget\" data-e-type=\"widget\" data-widget_type=\"image.default\">\n\t\t\t\t<div class=\"elementor-widget-container\">\n\t\t\t\t\t\t\t\t\t\t\t\t\t\t\t<img fetchpriority=\"high\" decoding=\"async\" width=\"800\" height=\"450\" src=\"https:\/\/skatepark-biel.ch\/wp-content\/uploads\/2023\/04\/LM-Skatepark-Logo-vector-shop-1.svg\" class=\"attachment-large size-large wp-image-2737\" alt=\"\" \/>\t\t\t\t\t\t\t\t\t\t\t\t\t\t\t<\/div>\n\t\t\t\t<\/div>\n\t\t\t\t\t<\/div>\n\t\t<\/div>\n\t\t\t\t\t<\/div>\n\t\t<\/section>\n\t\t\t\t<section class=\"elementor-section elementor-top-section elementor-element elementor-element-1102e3f elementor-section-boxed elementor-section-height-default elementor-section-height-default\" data-id=\"1102e3f\" data-element_type=\"section\" data-e-type=\"section\">\n\t\t\t\t\t\t<div class=\"elementor-container elementor-column-gap-default\">\n\t\t\t\t\t<div class=\"elementor-column elementor-col-100 elementor-top-column elementor-element elementor-element-979ddfa\" data-id=\"979ddfa\" data-element_type=\"column\" data-e-type=\"column\">\n\t\t\t<div class=\"elementor-widget-wrap elementor-element-populated\">\n\t\t\t\t\t\t<div class=\"elementor-element elementor-element-193db1e elementor-widget elementor-widget-spacer\" data-id=\"193db1e\" data-element_type=\"widget\" data-e-type=\"widget\" data-widget_type=\"spacer.default\">\n\t\t\t\t<div class=\"elementor-widget-container\">\n\t\t\t\t\t\t\t<div class=\"elementor-spacer\">\n\t\t\t<div class=\"elementor-spacer-inner\"><\/div>\n\t\t<\/div>\n\t\t\t\t\t\t<\/div>\n\t\t\t\t<\/div>\n\t\t\t\t\t<\/div>\n\t\t<\/div>\n\t\t\t\t\t<\/div>\n\t\t<\/section>\n\t\t\t\t<section class=\"elementor-section elementor-top-section elementor-element elementor-element-4f3169e elementor-section-boxed elementor-section-height-default elementor-section-height-default\" data-id=\"4f3169e\" data-element_type=\"section\" data-e-type=\"section\">\n\t\t\t\t\t\t<div class=\"elementor-container elementor-column-gap-default\">\n\t\t\t\t\t<div class=\"elementor-column elementor-col-100 elementor-top-column elementor-element elementor-element-62162fd\" data-id=\"62162fd\" data-element_type=\"column\" data-e-type=\"column\">\n\t\t\t<div class=\"elementor-widget-wrap elementor-element-populated\">\n\t\t\t\t\t\t<div class=\"elementor-element elementor-element-e43ddaf elementor-widget elementor-widget-heading\" data-id=\"e43ddaf\" data-element_type=\"widget\" data-e-type=\"widget\" data-widget_type=\"heading.default\">\n\t\t\t\t<div class=\"elementor-widget-container\">\n\t\t\t\t\t<h1 class=\"elementor-heading-title elementor-size-default\">Unser neues Shop-Sortiment bietet vom Teilen bis zum Komplettartikel alles f\u00fcr Freestyle Scooter, Roller Freestyle und Skateboarding wie auch Schutzausr\u00fcstung<\/h1>\t\t\t\t<\/div>\n\t\t\t\t<\/div>\n\t\t\t\t<div class=\"elementor-element elementor-element-138d519 elementor-widget elementor-widget-spacer\" data-id=\"138d519\" data-element_type=\"widget\" data-e-type=\"widget\" data-widget_type=\"spacer.default\">\n\t\t\t\t<div class=\"elementor-widget-container\">\n\t\t\t\t\t\t\t<div class=\"elementor-spacer\">\n\t\t\t<div class=\"elementor-spacer-inner\"><\/div>\n\t\t<\/div>\n\t\t\t\t\t\t<\/div>\n\t\t\t\t<\/div>\n\t\t\t\t\t<\/div>\n\t\t<\/div>\n\t\t\t\t\t<\/div>\n\t\t<\/section>\n\t\t\t\t<section class=\"elementor-section elementor-top-section elementor-element elementor-element-cfbf918 elementor-section-boxed elementor-section-height-default elementor-section-height-default\" data-id=\"cfbf918\" data-element_type=\"section\" data-e-type=\"section\">\n\t\t\t\t\t\t<div class=\"elementor-container elementor-column-gap-default\">\n\t\t\t\t\t<div class=\"elementor-column elementor-col-50 elementor-top-column elementor-element elementor-element-4952d2d\" data-id=\"4952d2d\" data-element_type=\"column\" data-e-type=\"column\">\n\t\t\t<div class=\"elementor-widget-wrap elementor-element-populated\">\n\t\t\t\t\t\t<div class=\"elementor-element elementor-element-79c7b9c elementor-widget elementor-widget-heading\" data-id=\"79c7b9c\" data-element_type=\"widget\" data-e-type=\"widget\" data-widget_type=\"heading.default\">\n\t\t\t\t<div class=\"elementor-widget-container\">\n\t\t\t\t\t<h2 class=\"elementor-heading-title elementor-size-default\">Freestyle Scooter<\/h2>\t\t\t\t<\/div>\n\t\t\t\t<\/div>\n\t\t\t\t<div class=\"elementor-element elementor-element-fec79fa elementor-widget elementor-widget-text-editor\" data-id=\"fec79fa\" data-element_type=\"widget\" data-e-type=\"widget\" data-widget_type=\"text-editor.default\">\n\t\t\t\t<div class=\"elementor-widget-container\">\n\t\t\t\t\t\t\t\t\t<h5>Ob Einzelteile wie Griffe, Bremsen, R\u00e4der und Kugellager, oder Komplettscooter; ob Sie neu beginnen m\u00f6chten oder bei der Session gerade ein Kugellager zerschellt ist: In der Freestyle-Scooter-Ecke finden Sie, was Sie suchen!<\/h5><h5>Unser Sortiment beinhaltet folgende Brands:<\/h5>&nbsp;<h5>AO Scooters<\/h5><h5>Eagle Supply<\/h5><h5>Ethic DTC<\/h5><h5>Fuzion Pro Scooters<\/h5><h5>Grit Scooters<\/h5><h5>Venice Scooters<\/h5><h5>Versatyl Scooters<\/h5>&nbsp;<h5>und weitere!<\/h5>\t\t\t\t\t\t\t\t<\/div>\n\t\t\t\t<\/div>\n\t\t\t\t\t<\/div>\n\t\t<\/div>\n\t\t\t\t<div class=\"elementor-column elementor-col-50 elementor-top-column elementor-element elementor-element-564457a\" data-id=\"564457a\" data-element_type=\"column\" data-e-type=\"column\">\n\t\t\t<div class=\"elementor-widget-wrap elementor-element-populated\">\n\t\t\t\t\t\t<div class=\"elementor-element elementor-element-964736a elementor-widget elementor-widget-image\" data-id=\"964736a\" data-element_type=\"widget\" data-e-type=\"widget\" data-widget_type=\"image.default\">\n\t\t\t\t<div class=\"elementor-widget-container\">\n\t\t\t\t\t\t\t\t\t\t\t\t\t\t\t<img decoding=\"async\" width=\"768\" height=\"512\" src=\"https:\/\/skatepark-biel.ch\/wp-content\/uploads\/2023\/04\/DSC05351_1-768x512.jpg\" class=\"attachment-medium_large size-medium_large wp-image-2764\" alt=\"\" srcset=\"https:\/\/skatepark-biel.ch\/wp-content\/uploads\/2023\/04\/DSC05351_1-768x512.jpg 768w, https:\/\/skatepark-biel.ch\/wp-content\/uploads\/2023\/04\/DSC05351_1-300x200.jpg 300w, https:\/\/skatepark-biel.ch\/wp-content\/uploads\/2023\/04\/DSC05351_1-1024x683.jpg 1024w, https:\/\/skatepark-biel.ch\/wp-content\/uploads\/2023\/04\/DSC05351_1-1536x1024.jpg 1536w, https:\/\/skatepark-biel.ch\/wp-content\/uploads\/2023\/04\/DSC05351_1-2048x1365.jpg 2048w\" sizes=\"(max-width: 768px) 100vw, 768px\" \/>\t\t\t\t\t\t\t\t\t\t\t\t\t\t\t<\/div>\n\t\t\t\t<\/div>\n\t\t\t\t<div class=\"elementor-element elementor-element-c0e45c2 elementor-widget elementor-widget-image\" data-id=\"c0e45c2\" data-element_type=\"widget\" data-e-type=\"widget\" data-widget_type=\"image.default\">\n\t\t\t\t<div class=\"elementor-widget-container\">\n\t\t\t\t\t\t\t\t\t\t\t\t\t\t\t<img decoding=\"async\" width=\"800\" height=\"534\" src=\"https:\/\/skatepark-biel.ch\/wp-content\/uploads\/2023\/04\/DSC05355_1-1024x683.jpg\" class=\"attachment-large size-large wp-image-2766\" alt=\"\" srcset=\"https:\/\/skatepark-biel.ch\/wp-content\/uploads\/2023\/04\/DSC05355_1-1024x683.jpg 1024w, https:\/\/skatepark-biel.ch\/wp-content\/uploads\/2023\/04\/DSC05355_1-300x200.jpg 300w, https:\/\/skatepark-biel.ch\/wp-content\/uploads\/2023\/04\/DSC05355_1-768x512.jpg 768w, https:\/\/skatepark-biel.ch\/wp-content\/uploads\/2023\/04\/DSC05355_1-1536x1024.jpg 1536w, https:\/\/skatepark-biel.ch\/wp-content\/uploads\/2023\/04\/DSC05355_1-2048x1365.jpg 2048w\" sizes=\"(max-width: 800px) 100vw, 800px\" \/>\t\t\t\t\t\t\t\t\t\t\t\t\t\t\t<\/div>\n\t\t\t\t<\/div>\n\t\t\t\t\t<\/div>\n\t\t<\/div>\n\t\t\t\t\t<\/div>\n\t\t<\/section>\n\t\t\t\t<section class=\"elementor-section elementor-top-section elementor-element elementor-element-21979c7 elementor-section-boxed elementor-section-height-default elementor-section-height-default\" data-id=\"21979c7\" data-element_type=\"section\" data-e-type=\"section\">\n\t\t\t\t\t\t<div class=\"elementor-container elementor-column-gap-default\">\n\t\t\t\t\t<div class=\"elementor-column elementor-col-50 elementor-top-column elementor-element elementor-element-3b45599\" data-id=\"3b45599\" data-element_type=\"column\" data-e-type=\"column\">\n\t\t\t<div class=\"elementor-widget-wrap elementor-element-populated\">\n\t\t\t\t\t\t<div class=\"elementor-element elementor-element-374a574 elementor-widget elementor-widget-heading\" data-id=\"374a574\" data-element_type=\"widget\" data-e-type=\"widget\" data-widget_type=\"heading.default\">\n\t\t\t\t<div class=\"elementor-widget-container\">\n\t\t\t\t\t<h2 class=\"elementor-heading-title elementor-size-default\">Skateboarding<\/h2>\t\t\t\t<\/div>\n\t\t\t\t<\/div>\n\t\t\t\t<div class=\"elementor-element elementor-element-1590b20 elementor-widget elementor-widget-text-editor\" data-id=\"1590b20\" data-element_type=\"widget\" data-e-type=\"widget\" data-widget_type=\"text-editor.default\">\n\t\t\t\t<div class=\"elementor-widget-container\">\n\t\t\t\t\t\t\t\t\t<h5>Die Skateboard-Sparte des LM Shop bietet mit seinem Qualit\u00e4tssortiment eine solide Basis f\u00fcr Ihr Skaten. Die aktuell besten Brands bieten ein Langlebigkeit des Materials, \u00c4sthetik und Spass. Unter anderen die folgenden:<\/h5>&nbsp;<h5>Ace Trucks<\/h5><h5>Bones Wheels and Bearings<\/h5><h5>Deathwish Skateboards<\/h5><h5>Doodah<\/h5><h5>Girl Skateboards<\/h5><h5>Jessup<\/h5><h5>Mob Grip<\/h5><h5>Polar Skateboards<\/h5><h5>Quasi Skateboards<\/h5><h5>Spitfire Wheels<\/h5><h5>Thunder Trucks<\/h5>\t\t\t\t\t\t\t\t<\/div>\n\t\t\t\t<\/div>\n\t\t\t\t\t<\/div>\n\t\t<\/div>\n\t\t\t\t<div class=\"elementor-column elementor-col-50 elementor-top-column elementor-element elementor-element-5b3be59\" data-id=\"5b3be59\" data-element_type=\"column\" data-e-type=\"column\">\n\t\t\t<div class=\"elementor-widget-wrap elementor-element-populated\">\n\t\t\t\t\t\t<div class=\"elementor-element elementor-element-2be6f00 elementor-widget elementor-widget-image\" data-id=\"2be6f00\" data-element_type=\"widget\" data-e-type=\"widget\" data-widget_type=\"image.default\">\n\t\t\t\t<div class=\"elementor-widget-container\">\n\t\t\t\t\t\t\t\t\t\t\t\t\t\t\t<img loading=\"lazy\" decoding=\"async\" width=\"800\" height=\"534\" src=\"https:\/\/skatepark-biel.ch\/wp-content\/uploads\/2023\/04\/DSC05345_1-1024x683.jpg\" class=\"attachment-large size-large wp-image-2768\" alt=\"\" srcset=\"https:\/\/skatepark-biel.ch\/wp-content\/uploads\/2023\/04\/DSC05345_1-1024x683.jpg 1024w, https:\/\/skatepark-biel.ch\/wp-content\/uploads\/2023\/04\/DSC05345_1-300x200.jpg 300w, https:\/\/skatepark-biel.ch\/wp-content\/uploads\/2023\/04\/DSC05345_1-768x512.jpg 768w, https:\/\/skatepark-biel.ch\/wp-content\/uploads\/2023\/04\/DSC05345_1-1536x1024.jpg 1536w, https:\/\/skatepark-biel.ch\/wp-content\/uploads\/2023\/04\/DSC05345_1-2048x1365.jpg 2048w\" sizes=\"(max-width: 800px) 100vw, 800px\" \/>\t\t\t\t\t\t\t\t\t\t\t\t\t\t\t<\/div>\n\t\t\t\t<\/div>\n\t\t\t\t<div class=\"elementor-element elementor-element-166712a elementor-widget elementor-widget-image\" data-id=\"166712a\" data-element_type=\"widget\" data-e-type=\"widget\" data-widget_type=\"image.default\">\n\t\t\t\t<div class=\"elementor-widget-container\">\n\t\t\t\t\t\t\t\t\t\t\t\t\t\t\t<img loading=\"lazy\" decoding=\"async\" width=\"768\" height=\"1152\" src=\"https:\/\/skatepark-biel.ch\/wp-content\/uploads\/2023\/04\/DSC05349_1-768x1152.jpg\" class=\"attachment-medium_large size-medium_large wp-image-2770\" alt=\"\" srcset=\"https:\/\/skatepark-biel.ch\/wp-content\/uploads\/2023\/04\/DSC05349_1-768x1152.jpg 768w, https:\/\/skatepark-biel.ch\/wp-content\/uploads\/2023\/04\/DSC05349_1-200x300.jpg 200w, https:\/\/skatepark-biel.ch\/wp-content\/uploads\/2023\/04\/DSC05349_1-683x1024.jpg 683w, https:\/\/skatepark-biel.ch\/wp-content\/uploads\/2023\/04\/DSC05349_1-1024x1536.jpg 1024w, https:\/\/skatepark-biel.ch\/wp-content\/uploads\/2023\/04\/DSC05349_1-1365x2048.jpg 1365w, https:\/\/skatepark-biel.ch\/wp-content\/uploads\/2023\/04\/DSC05349_1-scaled.jpg 1707w\" sizes=\"(max-width: 768px) 100vw, 768px\" \/>\t\t\t\t\t\t\t\t\t\t\t\t\t\t\t<\/div>\n\t\t\t\t<\/div>\n\t\t\t\t\t<\/div>\n\t\t<\/div>\n\t\t\t\t\t<\/div>\n\t\t<\/section>\n\t\t\t\t<section class=\"elementor-section elementor-top-section elementor-element elementor-element-607503a elementor-section-boxed elementor-section-height-default elementor-section-height-default\" data-id=\"607503a\" data-element_type=\"section\" data-e-type=\"section\">\n\t\t\t\t\t\t<div class=\"elementor-container elementor-column-gap-default\">\n\t\t\t\t\t<div class=\"elementor-column elementor-col-50 elementor-top-column elementor-element elementor-element-46e4b22\" data-id=\"46e4b22\" data-element_type=\"column\" data-e-type=\"column\">\n\t\t\t<div class=\"elementor-widget-wrap elementor-element-populated\">\n\t\t\t\t\t\t<div class=\"elementor-element elementor-element-afdb905 elementor-widget elementor-widget-heading\" data-id=\"afdb905\" data-element_type=\"widget\" data-e-type=\"widget\" data-widget_type=\"heading.default\">\n\t\t\t\t<div class=\"elementor-widget-container\">\n\t\t\t\t\t<h2 class=\"elementor-heading-title elementor-size-default\">Roller Freestyle<\/h2>\t\t\t\t<\/div>\n\t\t\t\t<\/div>\n\t\t\t\t<div class=\"elementor-element elementor-element-47c4100 elementor-widget elementor-widget-text-editor\" data-id=\"47c4100\" data-element_type=\"widget\" data-e-type=\"widget\" data-widget_type=\"text-editor.default\">\n\t\t\t\t<div class=\"elementor-widget-container\">\n\t\t\t\t\t\t\t\t\t<h5>Unser Sortiment f\u00fcr Roller Freestyle beinhaltet alles, was Sie f\u00fcr diesen herausfordernden Sport ben\u00f6tigen &#8211; von Einzelteilen f\u00fcr Reparaturen bis zu Komplettskates.<\/h5><h5>Der LM Shop bietet unter anderen aktuell folgende Brands:<\/h5>&nbsp;<h5>ALK13<\/h5><h5>Ennui<\/h5><h5>Famus<\/h5><h5>FR Skates<\/h5><h5>Roces<\/h5><h5>USD<\/h5><h5>Wicked<\/h5>\t\t\t\t\t\t\t\t<\/div>\n\t\t\t\t<\/div>\n\t\t\t\t\t<\/div>\n\t\t<\/div>\n\t\t\t\t<div class=\"elementor-column elementor-col-50 elementor-top-column elementor-element elementor-element-ea2d71e\" data-id=\"ea2d71e\" data-element_type=\"column\" data-e-type=\"column\">\n\t\t\t<div class=\"elementor-widget-wrap elementor-element-populated\">\n\t\t\t\t\t\t<div class=\"elementor-element elementor-element-496c940 elementor-widget elementor-widget-image\" data-id=\"496c940\" data-element_type=\"widget\" data-e-type=\"widget\" data-widget_type=\"image.default\">\n\t\t\t\t<div class=\"elementor-widget-container\">\n\t\t\t\t\t\t\t\t\t\t\t\t\t\t\t<img loading=\"lazy\" decoding=\"async\" width=\"768\" height=\"1152\" src=\"https:\/\/skatepark-biel.ch\/wp-content\/uploads\/2023\/04\/DSC05357_1-768x1152.jpg\" class=\"attachment-medium_large size-medium_large wp-image-2772\" alt=\"\" srcset=\"https:\/\/skatepark-biel.ch\/wp-content\/uploads\/2023\/04\/DSC05357_1-768x1152.jpg 768w, https:\/\/skatepark-biel.ch\/wp-content\/uploads\/2023\/04\/DSC05357_1-200x300.jpg 200w, https:\/\/skatepark-biel.ch\/wp-content\/uploads\/2023\/04\/DSC05357_1-683x1024.jpg 683w, https:\/\/skatepark-biel.ch\/wp-content\/uploads\/2023\/04\/DSC05357_1-1024x1536.jpg 1024w, https:\/\/skatepark-biel.ch\/wp-content\/uploads\/2023\/04\/DSC05357_1-1365x2048.jpg 1365w, https:\/\/skatepark-biel.ch\/wp-content\/uploads\/2023\/04\/DSC05357_1-scaled.jpg 1707w\" sizes=\"(max-width: 768px) 100vw, 768px\" \/>\t\t\t\t\t\t\t\t\t\t\t\t\t\t\t<\/div>\n\t\t\t\t<\/div>\n\t\t\t\t<div class=\"elementor-element elementor-element-b6b0010 elementor-widget elementor-widget-image\" data-id=\"b6b0010\" data-element_type=\"widget\" data-e-type=\"widget\" data-widget_type=\"image.default\">\n\t\t\t\t<div class=\"elementor-widget-container\">\n\t\t\t\t\t\t\t\t\t\t\t\t\t\t\t<img loading=\"lazy\" decoding=\"async\" width=\"800\" height=\"534\" src=\"https:\/\/skatepark-biel.ch\/wp-content\/uploads\/2023\/04\/DSC05359_1-1024x683.jpg\" class=\"attachment-large size-large wp-image-2774\" alt=\"\" srcset=\"https:\/\/skatepark-biel.ch\/wp-content\/uploads\/2023\/04\/DSC05359_1-1024x683.jpg 1024w, https:\/\/skatepark-biel.ch\/wp-content\/uploads\/2023\/04\/DSC05359_1-300x200.jpg 300w, https:\/\/skatepark-biel.ch\/wp-content\/uploads\/2023\/04\/DSC05359_1-768x512.jpg 768w, https:\/\/skatepark-biel.ch\/wp-content\/uploads\/2023\/04\/DSC05359_1-1536x1024.jpg 1536w, https:\/\/skatepark-biel.ch\/wp-content\/uploads\/2023\/04\/DSC05359_1-2048x1365.jpg 2048w\" sizes=\"(max-width: 800px) 100vw, 800px\" \/>\t\t\t\t\t\t\t\t\t\t\t\t\t\t\t<\/div>\n\t\t\t\t<\/div>\n\t\t\t\t\t<\/div>\n\t\t<\/div>\n\t\t\t\t\t<\/div>\n\t\t<\/section>\n\t\t\t\t<section class=\"elementor-section elementor-top-section elementor-element elementor-element-38c1b32 elementor-section-boxed elementor-section-height-default elementor-section-height-default\" data-id=\"38c1b32\" data-element_type=\"section\" data-e-type=\"section\">\n\t\t\t\t\t\t<div class=\"elementor-container elementor-column-gap-default\">\n\t\t\t\t\t<div class=\"elementor-column elementor-col-50 elementor-top-column elementor-element elementor-element-ff2faaa\" data-id=\"ff2faaa\" data-element_type=\"column\" data-e-type=\"column\">\n\t\t\t<div class=\"elementor-widget-wrap elementor-element-populated\">\n\t\t\t\t\t\t<div class=\"elementor-element elementor-element-13898f2 elementor-widget elementor-widget-heading\" data-id=\"13898f2\" data-element_type=\"widget\" data-e-type=\"widget\" data-widget_type=\"heading.default\">\n\t\t\t\t<div class=\"elementor-widget-container\">\n\t\t\t\t\t<h2 class=\"elementor-heading-title elementor-size-default\">Schutzausr\u00fcstung<\/h2>\t\t\t\t<\/div>\n\t\t\t\t<\/div>\n\t\t\t\t<div class=\"elementor-element elementor-element-0c2b1a6 elementor-widget elementor-widget-text-editor\" data-id=\"0c2b1a6\" data-element_type=\"widget\" data-e-type=\"widget\" data-widget_type=\"text-editor.default\">\n\t\t\t\t<div class=\"elementor-widget-container\">\n\t\t\t\t\t\t\t\t\t<h5>Schutzausr\u00fcstung ist je nach Aus\u00fcbung ein wichtiger Bestandteil von Freestyle-Sportarten auf jedem Level. Unser Angebot an Protektoren macht unerwartete St\u00fcrze sanfter.<\/h5><h5>Folgende erprobte Brands helfen dabei:<\/h5>&nbsp;<h5>ALK13<\/h5><h5>Ennui<\/h5><h5>Powerslide<\/h5><h5>Roces<\/h5>&nbsp;<h5>und weitere.<\/h5>\t\t\t\t\t\t\t\t<\/div>\n\t\t\t\t<\/div>\n\t\t\t\t\t<\/div>\n\t\t<\/div>\n\t\t\t\t<div class=\"elementor-column elementor-col-50 elementor-top-column elementor-element elementor-element-eb32152\" data-id=\"eb32152\" data-element_type=\"column\" data-e-type=\"column\">\n\t\t\t<div class=\"elementor-widget-wrap elementor-element-populated\">\n\t\t\t\t\t\t<div class=\"elementor-element elementor-element-df03285 elementor-widget elementor-widget-image\" data-id=\"df03285\" data-element_type=\"widget\" data-e-type=\"widget\" data-widget_type=\"image.default\">\n\t\t\t\t<div class=\"elementor-widget-container\">\n\t\t\t\t\t\t\t\t\t\t\t\t\t\t\t<img loading=\"lazy\" decoding=\"async\" width=\"768\" height=\"1152\" src=\"https:\/\/skatepark-biel.ch\/wp-content\/uploads\/2023\/04\/DSC05361_1-768x1152.jpg\" class=\"attachment-medium_large size-medium_large wp-image-2776\" alt=\"\" srcset=\"https:\/\/skatepark-biel.ch\/wp-content\/uploads\/2023\/04\/DSC05361_1-768x1152.jpg 768w, https:\/\/skatepark-biel.ch\/wp-content\/uploads\/2023\/04\/DSC05361_1-200x300.jpg 200w, https:\/\/skatepark-biel.ch\/wp-content\/uploads\/2023\/04\/DSC05361_1-683x1024.jpg 683w, https:\/\/skatepark-biel.ch\/wp-content\/uploads\/2023\/04\/DSC05361_1-1024x1536.jpg 1024w, https:\/\/skatepark-biel.ch\/wp-content\/uploads\/2023\/04\/DSC05361_1-1365x2048.jpg 1365w, https:\/\/skatepark-biel.ch\/wp-content\/uploads\/2023\/04\/DSC05361_1-scaled.jpg 1707w\" sizes=\"(max-width: 768px) 100vw, 768px\" \/>\t\t\t\t\t\t\t\t\t\t\t\t\t\t\t<\/div>\n\t\t\t\t<\/div>\n\t\t\t\t<div class=\"elementor-element elementor-element-d9872b9 elementor-widget elementor-widget-image\" data-id=\"d9872b9\" data-element_type=\"widget\" data-e-type=\"widget\" data-widget_type=\"image.default\">\n\t\t\t\t<div class=\"elementor-widget-container\">\n\t\t\t\t\t\t\t\t\t\t\t\t\t\t\t<img loading=\"lazy\" decoding=\"async\" width=\"768\" height=\"1152\" src=\"https:\/\/skatepark-biel.ch\/wp-content\/uploads\/2023\/04\/DSC05360_1-768x1152.jpg\" class=\"attachment-medium_large size-medium_large wp-image-2778\" alt=\"\" srcset=\"https:\/\/skatepark-biel.ch\/wp-content\/uploads\/2023\/04\/DSC05360_1-768x1152.jpg 768w, https:\/\/skatepark-biel.ch\/wp-content\/uploads\/2023\/04\/DSC05360_1-200x300.jpg 200w, https:\/\/skatepark-biel.ch\/wp-content\/uploads\/2023\/04\/DSC05360_1-683x1024.jpg 683w, https:\/\/skatepark-biel.ch\/wp-content\/uploads\/2023\/04\/DSC05360_1-1024x1536.jpg 1024w, https:\/\/skatepark-biel.ch\/wp-content\/uploads\/2023\/04\/DSC05360_1-1365x2048.jpg 1365w, https:\/\/skatepark-biel.ch\/wp-content\/uploads\/2023\/04\/DSC05360_1-scaled.jpg 1707w\" sizes=\"(max-width: 768px) 100vw, 768px\" \/>\t\t\t\t\t\t\t\t\t\t\t\t\t\t\t<\/div>\n\t\t\t\t<\/div>\n\t\t\t\t\t<\/div>\n\t\t<\/div>\n\t\t\t\t\t<\/div>\n\t\t<\/section>\n\t\t\t\t<\/div>\n\t\t","protected":false},"excerpt":{"rendered":"<p>Unser neues Shop-Sortiment bietet vom Teilen bis zum Komplettartikel alles f\u00fcr Freestyle Scooter, Roller Freestyle und Skateboarding wie auch Schutzausr\u00fcstung Freestyle Scooter Ob Einzelteile wie Griffe, Bremsen, R\u00e4der und Kugellager, oder Komplettscooter; ob Sie neu beginnen m\u00f6chten oder bei der Session gerade ein Kugellager zerschellt ist: In der Freestyle-Scooter-Ecke finden Sie, was Sie suchen! Unser [&hellip;]<\/p>\n","protected":false},"author":4,"featured_media":0,"parent":0,"menu_order":0,"comment_status":"closed","ping_status":"closed","template":"","meta":{"_acf_changed":false,"footnotes":""},"class_list":["post-2865","page","type-page","status-publish","hentry"],"acf":[],"_links":{"self":[{"href":"https:\/\/skatepark-biel.ch\/de\/wp-json\/wp\/v2\/pages\/2865","targetHints":{"allow":["GET"]}}],"collection":[{"href":"https:\/\/skatepark-biel.ch\/de\/wp-json\/wp\/v2\/pages"}],"about":[{"href":"https:\/\/skatepark-biel.ch\/de\/wp-json\/wp\/v2\/types\/page"}],"author":[{"embeddable":true,"href":"https:\/\/skatepark-biel.ch\/de\/wp-json\/wp\/v2\/users\/4"}],"replies":[{"embeddable":true,"href":"https:\/\/skatepark-biel.ch\/de\/wp-json\/wp\/v2\/comments?post=2865"}],"version-history":[{"count":5,"href":"https:\/\/skatepark-biel.ch\/de\/wp-json\/wp\/v2\/pages\/2865\/revisions"}],"predecessor-version":[{"id":3983,"href":"https:\/\/skatepark-biel.ch\/de\/wp-json\/wp\/v2\/pages\/2865\/revisions\/3983"}],"wp:attachment":[{"href":"https:\/\/skatepark-biel.ch\/de\/wp-json\/wp\/v2\/media?parent=2865"}],"curies":[{"name":"wp","href":"https:\/\/api.w.org\/{rel}","templated":true}]}}